{"id":7292,"date":"2022-03-21T18:54:27","date_gmt":"2022-03-21T17:54:27","guid":{"rendered":"https:\/\/www.mallorcafreetour.com\/?page_id=7292\/"},"modified":"2022-04-22T16:08:55","modified_gmt":"2022-04-22T14:08:55","slug":"contacter","status":"publish","type":"page","link":"https:\/\/www.mallorcafreetour.com\/fr\/contacter\/","title":{"rendered":"Contacter"},"content":{"rendered":"\n\n\t<section class=\"section dark\" id=\"section_162827862\">\n\t\t<div class=\"section-bg fill\" >\n\t\t\t\t\t\t\t\t\t\n\t\t\t\n\n\t\t<\/div>\n\n\t\t\n\n\t\t<div class=\"section-content relative\">\n\t\t\t\n\n\n  <div class=\"banner has-hover\" id=\"banner-1066329817\">\n          <div class=\"banner-inner fill\">\n        <div class=\"banner-bg fill\" >\n            <img loading=\"lazy\" decoding=\"async\" width=\"1020\" height=\"573\" src=\"https:\/\/www.mallorcafreetour.com\/wp-content\/uploads\/2021\/12\/portada-web.jpg\" class=\"bg attachment-large size-large\" alt=\"Free Tour en Palma de Mallorca\" \/>                        <div class=\"overlay\"><\/div>            \n\t<div class=\"is-border\"\n\t\tstyle=\"border-width:0px 0px 0px 0px;\">\n\t<\/div>\n                    <\/div>\n\t\t\n        <div class=\"banner-layers container\">\n            <div class=\"fill banner-link\"><\/div>            \n\n   <div id=\"text-box-1031567999\" class=\"text-box banner-layer x50 md-x50 lg-x50 y50 md-y50 lg-y50 res-text\">\n                                <div class=\"text-box-content text dark\">\n              \n              <div class=\"text-inner text-center\">\n                  \n\n\t<div id=\"text-3756825871\" class=\"text\">\n\t\t\n\n<p class=\"uppercase\"><span class=\"fancy-underline\"><span style=\"font-size: 500%;\"><strong>Contacter<\/strong><\/span><\/span><\/p>\n<p class=\"thin-font\">&nbsp;<\/p>\n\t\t\n<style>\n#text-3756825871 {\n  font-size: 0.75rem;\n  line-height: 3;\n  text-align: center;\n  color: rgb(255,255,255);\n}\n#text-3756825871 > * {\n  color: rgb(255,255,255);\n}\n@media (min-width:550px) {\n  #text-3756825871 {\n    text-align: center;\n  }\n}\n<\/style>\n\t<\/div>\n\t\n\n              <\/div>\n           <\/div>\n                            \n<style>\n#text-box-1031567999 {\n  width: 100%;\n}\n#text-box-1031567999 .text-box-content {\n  font-size: 32%;\n}\n@media (min-width:550px) {\n  #text-box-1031567999 {\n    width: 60%;\n  }\n  #text-box-1031567999 .text-box-content {\n    font-size: 100%;\n  }\n}\n<\/style>\n    <\/div>\n \n\n        <\/div>\n      <\/div>\n\n            \n<style>\n#banner-1066329817 {\n  padding-top: 413px;\n}\n#banner-1066329817 .overlay {\n  background-color: rgba(253, 185, 83, 0.674);\n}\n#banner-1066329817 .banner-bg img {\n  object-position: 43% 14%;\n}\n@media (min-width:550px) {\n  #banner-1066329817 {\n    padding-top: 553px;\n  }\n}\n<\/style>\n  <\/div>\n\n\n\n\t\t<\/div>\n\n\t\t\n<style>\n#section_162827862 {\n  padding-top: 0px;\n  padding-bottom: 0px;\n  background-color: #ff9900;\n}\n<\/style>\n\t<\/section>\n\t\n\n\t<section class=\"section\" id=\"section_1661754235\">\n\t\t<div class=\"section-bg fill\" >\n\t\t\t\t\t\t\t\t\t\n\t\t\t\n\n\t\t<\/div>\n\n\t\t\n\n\t\t<div class=\"section-content relative\">\n\t\t\t\n\n<div class=\"row row-full-width align-equal align-center\"  id=\"row-325062003\">\n\n\n\t<div id=\"col-388406655\" class=\"col medium-4 small-12 large-4\"  >\n\t\t\t\t<div class=\"col-inner text-center\"  >\n\t\t\t\n\t\t\t\n\n\t<div id=\"text-2701590400\" class=\"text\">\n\t\t\n\n<div>Si vous souhaitez obtenir plus d&#8217;informations sur nous, ou sur nos services, n&#8217;h\u00e9sitez pas \u00e0 nous contacter en remplissant le formulaire de contact ou en \u00e9crivant un e-mail \u00e0 <strong>info@mallorcafreetour.com<\/strong>.<\/div>\n<div>&nbsp;<\/div>\n<div>Vous pouvez \u00e9galement nous contacter par t\u00e9l\u00e9phone et par Whatsapp :<\/div>\n<div><strong>+34 683 31 71 92<\/strong><\/div>\n<div>&nbsp;<\/div>\n<div style=\"text-align: center;\"><strong>Merci beaucoup !<\/strong><\/div>\n\t\t\n<style>\n#text-2701590400 {\n  text-align: center;\n}\n<\/style>\n\t<\/div>\n\t\n\t<div class=\"img has-hover x md-x lg-x y md-y lg-y\" id=\"image_1123624729\">\n\t\t\t\t\t\t\t\t<div class=\"img-inner dark\" >\n\t\t\t<img loading=\"lazy\" decoding=\"async\" width=\"300\" height=\"300\" src=\"https:\/\/www.mallorcafreetour.com\/wp-content\/uploads\/2017\/11\/logo_sombra-300x300.jpg\" class=\"attachment-large size-large\" alt=\"Logo Mallorca Free Tour\" srcset=\"https:\/\/www.mallorcafreetour.com\/wp-content\/uploads\/2017\/11\/logo_sombra-300x300.jpg 300w, https:\/\/www.mallorcafreetour.com\/wp-content\/uploads\/2017\/11\/logo_sombra-300x300-280x280.jpg 280w\" sizes=\"auto, (max-width: 300px) 100vw, 300px\" \/>\t\t\t\t\t\t\n\t\t\t\t\t<\/div>\n\t\t\t\t\t\t\t\t\n<style>\n#image_1123624729 {\n  width: 31%;\n}\n<\/style>\n\t<\/div>\n\t\n\n\n\t\t<\/div>\n\t\t\t\t\n<style>\n#col-388406655 > .col-inner {\n  margin: 70px 0px 0px 0px;\n}\n<\/style>\n\t<\/div>\n\n\t\n\n\t<div id=\"col-1808939393\" class=\"col medium-7 small-12 large-7\"  >\n\t\t\t\t<div class=\"col-inner\"  >\n\t\t\t\n\t\t\t\n\n\n<div class=\"wpcf7 no-js\" id=\"wpcf7-f7299-o1\" lang=\"es-ES\" dir=\"ltr\" data-wpcf7-id=\"7299\">\n<div class=\"screen-reader-response\"><p role=\"status\" aria-live=\"polite\" aria-atomic=\"true\"><\/p> <ul><\/ul><\/div>\n<form action=\"\/fr\/wp-json\/wp\/v2\/pages\/7292#wpcf7-f7299-o1\" method=\"post\" class=\"wpcf7-form init\" aria-label=\"Formulario de contacto\" novalidate=\"novalidate\" data-status=\"init\">\n<fieldset class=\"hidden-fields-container\"><input type=\"hidden\" name=\"_wpcf7\" value=\"7299\" \/><input type=\"hidden\" name=\"_wpcf7_version\" value=\"6.1.5\" \/><input type=\"hidden\" name=\"_wpcf7_locale\" value=\"es_ES\" \/><input type=\"hidden\" name=\"_wpcf7_unit_tag\" value=\"wpcf7-f7299-o1\" \/><input type=\"hidden\" name=\"_wpcf7_container_post\" value=\"0\" \/><input type=\"hidden\" name=\"_wpcf7_posted_data_hash\" value=\"\" \/><input type=\"hidden\" name=\"_wpcf7_recaptcha_response\" value=\"\" \/>\n<\/fieldset>\n<div class=\"row\">\n\t<div class=\"col small-12\">\n\t\t<p><label><br \/>\n<span class=\"wpcf7-form-control-wrap\" data-name=\"your-name\"><input size=\"40\" maxlength=\"400\" class=\"wpcf7-form-control wpcf7-text wpcf7-validates-as-required\" aria-required=\"true\" aria-invalid=\"false\" placeholder=\"Nom et pr\u00e9nom\" value=\"\" type=\"text\" name=\"your-name\" \/><\/span> <\/label>\n\t\t<\/p>\n\t<\/div>\n\t<div class=\"col medium-6 small-12 large-6\">\n\t\t<p><label><br \/>\n<span class=\"wpcf7-form-control-wrap\" data-name=\"your-email\"><input size=\"40\" maxlength=\"400\" class=\"wpcf7-form-control wpcf7-email wpcf7-validates-as-required wpcf7-text wpcf7-validates-as-email\" aria-required=\"true\" aria-invalid=\"false\" placeholder=\"E-mail\" value=\"\" type=\"email\" name=\"your-email\" \/><\/span> <\/label>\n\t\t<\/p>\n\t<\/div>\n\t<div class=\"col medium-6 small-12 large-6\">\n\t\t<p><label><br \/>\n<span class=\"wpcf7-form-control-wrap\" data-name=\"tel-167\"><input size=\"40\" maxlength=\"400\" class=\"wpcf7-form-control wpcf7-tel wpcf7-text wpcf7-validates-as-tel\" aria-invalid=\"false\" placeholder=\"T\u00e9l\u00e9phone\" value=\"\" type=\"tel\" name=\"tel-167\" \/><\/span> <\/label>\n\t\t<\/p>\n\t<\/div>\n\t<div class=\"col small-12\">\n\t\t<p><label><br \/>\n<span class=\"wpcf7-form-control-wrap\" data-name=\"your-subject\"><input size=\"40\" maxlength=\"400\" class=\"wpcf7-form-control wpcf7-text\" aria-invalid=\"false\" placeholder=\"Sujet\" value=\"\" type=\"text\" name=\"your-subject\" \/><\/span> <\/label>\n\t\t<\/p>\n\t<\/div>\n\t<div class=\"col small-12\">\n\t\t<p><label><br \/>\n<span class=\"wpcf7-form-control-wrap\" data-name=\"your-message\"><textarea cols=\"40\" rows=\"10\" maxlength=\"2000\" class=\"wpcf7-form-control wpcf7-textarea wpcf7-validates-as-required\" aria-required=\"true\" aria-invalid=\"false\" placeholder=\"Message\" name=\"your-message\"><\/textarea><\/span> <\/label>\n\t\t<\/p>\n\t<\/div>\n\t<div class=\"col small-12\">\n\t\t<p><span class=\"wpcf7-form-control-wrap\" data-name=\"aceptar-RGPD\"><span class=\"wpcf7-form-control wpcf7-acceptance\"><span class=\"wpcf7-list-item\"><label><input type=\"checkbox\" name=\"aceptar-RGPD\" value=\"1\" aria-invalid=\"false\" \/><span class=\"wpcf7-list-item-label\">J'ai lu et j'accepte la <a href=\"\/politica-de-privacidad\/\">politique de confidentialit\u00e9<\/a><\/span><\/label><\/span><\/span><\/span>\n\t\t<\/p>\n\t\t<div class=\"col small-12\">\n\t\t\t<p><input class=\"wpcf7-form-control wpcf7-submit has-spinner\" type=\"submit\" value=\"Envoyer\" \/>\n\t\t\t<\/p>\n\t\t<\/div>\n\t<\/div>\n<\/div><div class=\"wpcf7-response-output\" aria-hidden=\"true\"><\/div>\n<\/form>\n<\/div>\n\n\n\n\t\t<\/div>\n\t\t\t\t\t<\/div>\n\n\t\n\n<\/div>\n\n\t\t<\/div>\n\n\t\t\n<style>\n#section_1661754235 {\n  padding-top: 30px;\n  padding-bottom: 30px;\n}\n<\/style>\n\t<\/section>\n\t\n","protected":false},"excerpt":{"rendered":"","protected":false},"author":3,"featured_media":1827,"parent":0,"menu_order":0,"comment_status":"closed","ping_status":"closed","template":"page-blank.php","meta":{"footnotes":""},"class_list":["post-7292","page","type-page","status-publish","has-post-thumbnail","hentry"],"yoast_head":"<!-- This site is optimized with the Yoast SEO plugin v27.4 - https:\/\/yoast.com\/product\/yoast-seo-wordpress\/ -->\n<title>Contacter<\/title>\n<meta name=\"description\" content=\"Contacter avec un guide en fran\u00e7ais. Guide local en fran\u00e7ais. R\u00e9servez votre tour priv\u00e9 \u00e0 Majorque. Telf: +34 683 31 71 92\" \/>\n<meta name=\"robots\" content=\"index, follow, max-snippet:-1, max-image-preview:large, max-video-preview:-1\" \/>\n<link rel=\"canonical\" href=\"https:\/\/www.mallorcafreetour.com\/fr\/contacter\/\" \/>\n<meta property=\"og:locale\" content=\"fr_FR\" \/>\n<meta property=\"og:type\" content=\"article\" \/>\n<meta property=\"og:title\" content=\"Contacter\" \/>\n<meta property=\"og:description\" content=\"Contacter avec un guide en fran\u00e7ais. Guide local en fran\u00e7ais. R\u00e9servez votre tour priv\u00e9 \u00e0 Majorque. Telf: +34 683 31 71 92\" \/>\n<meta property=\"og:url\" content=\"https:\/\/www.mallorcafreetour.com\/fr\/contacter\/\" \/>\n<meta property=\"og:site_name\" content=\"Mallorca Free Tour\" \/>\n<meta property=\"article:publisher\" content=\"https:\/\/www.facebook.com\/Mallorcafreetour\" \/>\n<meta property=\"article:modified_time\" content=\"2022-04-22T14:08:55+00:00\" \/>\n<meta property=\"og:image\" content=\"https:\/\/www.mallorcafreetour.com\/wp-content\/uploads\/2017\/11\/logo_sombra-300x300.jpg\" \/>\n\t<meta property=\"og:image:width\" content=\"300\" \/>\n\t<meta property=\"og:image:height\" content=\"300\" \/>\n\t<meta property=\"og:image:type\" content=\"image\/jpeg\" \/>\n<meta name=\"twitter:card\" content=\"summary_large_image\" \/>\n<meta name=\"twitter:site\" content=\"@MajorcaFreeTour\" \/>\n<meta name=\"twitter:label1\" content=\"Dur\u00e9e de lecture estim\u00e9e\" \/>\n\t<meta name=\"twitter:data1\" content=\"1 minute\" \/>\n<!-- \/ Yoast SEO plugin. -->","yoast_head_json":{"title":"Contacter","description":"Contacter avec un guide en fran\u00e7ais. Guide local en fran\u00e7ais. R\u00e9servez votre tour priv\u00e9 \u00e0 Majorque. Telf: +34 683 31 71 92","robots":{"index":"index","follow":"follow","max-snippet":"max-snippet:-1","max-image-preview":"max-image-preview:large","max-video-preview":"max-video-preview:-1"},"canonical":"https:\/\/www.mallorcafreetour.com\/fr\/contacter\/","og_locale":"fr_FR","og_type":"article","og_title":"Contacter","og_description":"Contacter avec un guide en fran\u00e7ais. Guide local en fran\u00e7ais. R\u00e9servez votre tour priv\u00e9 \u00e0 Majorque. Telf: +34 683 31 71 92","og_url":"https:\/\/www.mallorcafreetour.com\/fr\/contacter\/","og_site_name":"Mallorca Free Tour","article_publisher":"https:\/\/www.facebook.com\/Mallorcafreetour","article_modified_time":"2022-04-22T14:08:55+00:00","og_image":[{"width":300,"height":300,"url":"https:\/\/www.mallorcafreetour.com\/wp-content\/uploads\/2017\/11\/logo_sombra-300x300.jpg","type":"image\/jpeg"}],"twitter_card":"summary_large_image","twitter_site":"@MajorcaFreeTour","twitter_misc":{"Dur\u00e9e de lecture estim\u00e9e":"1 minute"},"schema":{"@context":"https:\/\/schema.org","@graph":[{"@type":"WebPage","@id":"https:\/\/www.mallorcafreetour.com\/fr\/contacter\/","url":"https:\/\/www.mallorcafreetour.com\/fr\/contacter\/","name":"Contacter","isPartOf":{"@id":"https:\/\/www.mallorcafreetour.com\/#website"},"primaryImageOfPage":{"@id":"https:\/\/www.mallorcafreetour.com\/fr\/contacter\/#primaryimage"},"image":{"@id":"https:\/\/www.mallorcafreetour.com\/fr\/contacter\/#primaryimage"},"thumbnailUrl":"https:\/\/www.mallorcafreetour.com\/wp-content\/uploads\/2017\/11\/logo_sombra-300x300.jpg","datePublished":"2022-03-21T17:54:27+00:00","dateModified":"2022-04-22T14:08:55+00:00","description":"Contacter avec un guide en fran\u00e7ais. Guide local en fran\u00e7ais. R\u00e9servez votre tour priv\u00e9 \u00e0 Majorque. Telf: +34 683 31 71 92","breadcrumb":{"@id":"https:\/\/www.mallorcafreetour.com\/fr\/contacter\/#breadcrumb"},"inLanguage":"fr-FR","potentialAction":[{"@type":"ReadAction","target":["https:\/\/www.mallorcafreetour.com\/fr\/contacter\/"]}]},{"@type":"ImageObject","inLanguage":"fr-FR","@id":"https:\/\/www.mallorcafreetour.com\/fr\/contacter\/#primaryimage","url":"https:\/\/www.mallorcafreetour.com\/wp-content\/uploads\/2017\/11\/logo_sombra-300x300.jpg","contentUrl":"https:\/\/www.mallorcafreetour.com\/wp-content\/uploads\/2017\/11\/logo_sombra-300x300.jpg","width":300,"height":300,"caption":"Tour gratis por Palma"},{"@type":"BreadcrumbList","@id":"https:\/\/www.mallorcafreetour.com\/fr\/contacter\/#breadcrumb","itemListElement":[{"@type":"ListItem","position":1,"name":"Portada","item":"https:\/\/www.mallorcafreetour.com\/fr\/"},{"@type":"ListItem","position":2,"name":"Contacter"}]},{"@type":"WebSite","@id":"https:\/\/www.mallorcafreetour.com\/#website","url":"https:\/\/www.mallorcafreetour.com\/","name":"Mallorca Free Tour","description":"Visitas guiadas en Palma de Mallorca.","publisher":{"@id":"https:\/\/www.mallorcafreetour.com\/#organization"},"potentialAction":[{"@type":"SearchAction","target":{"@type":"EntryPoint","urlTemplate":"https:\/\/www.mallorcafreetour.com\/?s={search_term_string}"},"query-input":{"@type":"PropertyValueSpecification","valueRequired":true,"valueName":"search_term_string"}}],"inLanguage":"fr-FR"},{"@type":"Organization","@id":"https:\/\/www.mallorcafreetour.com\/#organization","name":"Mallorca Free Tour","url":"https:\/\/www.mallorcafreetour.com\/","logo":{"@type":"ImageObject","inLanguage":"fr-FR","@id":"https:\/\/www.mallorcafreetour.com\/#\/schema\/logo\/image\/","url":"https:\/\/www.mallorcafreetour.com\/wp-content\/uploads\/2020\/01\/freetour.png","contentUrl":"https:\/\/www.mallorcafreetour.com\/wp-content\/uploads\/2020\/01\/freetour.png","width":200,"height":124,"caption":"Mallorca Free Tour"},"image":{"@id":"https:\/\/www.mallorcafreetour.com\/#\/schema\/logo\/image\/"},"sameAs":["https:\/\/www.facebook.com\/Mallorcafreetour","https:\/\/x.com\/MajorcaFreeTour","https:\/\/www.instagram.com\/mallorcafreetour\/"]}]}},"_links":{"self":[{"href":"https:\/\/www.mallorcafreetour.com\/fr\/wp-json\/wp\/v2\/pages\/7292","targetHints":{"allow":["GET"]}}],"collection":[{"href":"https:\/\/www.mallorcafreetour.com\/fr\/wp-json\/wp\/v2\/pages"}],"about":[{"href":"https:\/\/www.mallorcafreetour.com\/fr\/wp-json\/wp\/v2\/types\/page"}],"author":[{"embeddable":true,"href":"https:\/\/www.mallorcafreetour.com\/fr\/wp-json\/wp\/v2\/users\/3"}],"replies":[{"embeddable":true,"href":"https:\/\/www.mallorcafreetour.com\/fr\/wp-json\/wp\/v2\/comments?post=7292"}],"version-history":[{"count":4,"href":"https:\/\/www.mallorcafreetour.com\/fr\/wp-json\/wp\/v2\/pages\/7292\/revisions"}],"predecessor-version":[{"id":7322,"href":"https:\/\/www.mallorcafreetour.com\/fr\/wp-json\/wp\/v2\/pages\/7292\/revisions\/7322"}],"wp:featuredmedia":[{"embeddable":true,"href":"https:\/\/www.mallorcafreetour.com\/fr\/wp-json\/wp\/v2\/media\/1827"}],"wp:attachment":[{"href":"https:\/\/www.mallorcafreetour.com\/fr\/wp-json\/wp\/v2\/media?parent=7292"}],"curies":[{"name":"wp","href":"https:\/\/api.w.org\/{rel}","templated":true}]}}