{"id":11009,"date":"2025-09-11T13:20:08","date_gmt":"2025-09-11T11:20:08","guid":{"rendered":"https:\/\/www.mallorcafreetour.com\/?page_id=11009"},"modified":"2025-10-16T18:54:53","modified_gmt":"2025-10-16T16:54:53","slug":"opinions","status":"publish","type":"page","link":"https:\/\/www.mallorcafreetour.com\/en\/opinions\/","title":{"rendered":"The best free walking tour in Palma de Mallorca"},"content":{"rendered":"\n<div class=\"row\"  id=\"row-539922578\">\n\n\n\t<div id=\"col-440626264\" class=\"col small-12 large-12\"  >\n\t\t\t\t<div class=\"col-inner\"  >\n\t\t\t\n\t\t\t\n\n<h1 style=\"text-align: center;\"><span data-text-color=\"primary\"><strong>The best free walking tour in Palma de Mallorca<\/strong><\/span><\/h1>\n<p>When travelling to a city like Palma de Mallorca, the most important thing is to experience it authentically. That\u2019s why our visitors always highlight that we offer\u00a0<b>the best free tour in Palma de Mallorca<\/b>, a unique experience to discover the history, culture and most special corners of the Balearic capital.<\/p>\n<p>Our travellers value the professionalism of our local guides, their closeness to the group and the passion with which we recount every detail. It\u2019s not just us saying this: hundreds of verified reviews on Google and platforms such as TripAdvisor say so too, where satisfaction is reflected in 5-star ratings.<\/p>\n\n\t\t<\/div>\n\t\t\t\t\t<\/div>\n\n\t\n\n<\/div>\n<div class=\"row\"  id=\"row-313945433\">\n\n\n\t<div id=\"col-983395528\" class=\"col medium-6 small-12 large-6\"  >\n\t\t\t\t<div class=\"col-inner\"  >\n\t\t\t\n\t\t\t\n\n<p><code id=\"ti-shortcode-id-68bd679d3bc1c\" class=\"ti-shortcode\"><pre class=\"ti-widget\"><template id=\"trustindex-google-widget-html\"><div class=\" ti-widget  ti-goog ti-disable-font ti-show-rating-text ti-review-text-mode-readmore ti-text-align-left\" data-no-translation=\"true\" data-time-locale=\"hace %d %s|hoy|d\u00eda|d\u00edas|semana|semanas|mes|meses|a\u00f1o|a\u00f1os\" data-plugin-version=\"13.2.8\" data-layout-id=\"12\" data-layout-category=\"badge\" data-set-id=\"drop-shadow\" data-pid=\"\" data-language=\"es\" data-close-locale=\"Cerca\" data-css-version=\"2\" data-size=\"1\"> <div class=\"ti-widget-container\"> <a href=\"https:\/\/admin.trustindex.io\/api\/googleReview?place-id=ChIJA_3lT6qTlxIRcIJDaIet9Vg\" role=\"button\" target=\"_blank\" rel=\"noopener nofollow\" class=\"ti-footer ti-footer-grid source-Google\"> <div class=\"ti-fade-container\"> <div class=\"ti-large-logo\"> <div class=\"ti-v-center\"> <trustindex-image class=\"ti-logo-fb\" data-imgurl=\"https:\/\/cdn.trustindex.io\/assets\/platform\/Google\/logo.svg\" width=\"150\" height=\"25\" loading=\"lazy\" alt=\"Google\"><\/trustindex-image> <\/div> <\/div> <span class=\"ti-stars star-lg\"><trustindex-image class=\"ti-star\" data-imgurl=\"https:\/\/cdn.trustindex.io\/assets\/platform\/Google\/star\/f.svg\" alt=\"Google\" width=\"17\" height=\"17\" loading=\"lazy\"><\/trustindex-image><trustindex-image class=\"ti-star\" data-imgurl=\"https:\/\/cdn.trustindex.io\/assets\/platform\/Google\/star\/f.svg\" alt=\"Google\" width=\"17\" height=\"17\" loading=\"lazy\"><\/trustindex-image><trustindex-image class=\"ti-star\" data-imgurl=\"https:\/\/cdn.trustindex.io\/assets\/platform\/Google\/star\/f.svg\" alt=\"Google\" width=\"17\" height=\"17\" loading=\"lazy\"><\/trustindex-image><trustindex-image class=\"ti-star\" data-imgurl=\"https:\/\/cdn.trustindex.io\/assets\/platform\/Google\/star\/f.svg\" alt=\"Google\" width=\"17\" height=\"17\" loading=\"lazy\"><\/trustindex-image><trustindex-image class=\"ti-star\" data-imgurl=\"https:\/\/cdn.trustindex.io\/assets\/platform\/Google\/star\/f.svg\" alt=\"Google\" width=\"17\" height=\"17\" loading=\"lazy\"><\/trustindex-image><\/span> <div class=\"ti-rating-text\"> <span class=\"nowrap\">A base de <span class=\"underline\">1353 rese\u00f1as<\/span><\/span> <\/div> <\/div> <\/a> <\/div> <\/div> <\/template><\/pre><div data-src=\"https:\/\/cdn.trustindex.io\/loader.js?wp-widget\" data-template-id=\"trustindex-google-widget-html\" data-css-url=\"https:\/\/www.mallorcafreetour.com\/wp-content\/uploads\/trustindex-google-widget.css?1775147096\"><\/div><\/code>&nbsp;<\/p>\n\n\t\t<\/div>\n\t\t\t\t\t<\/div>\n\n\t\n\n\t<div id=\"col-931209709\" class=\"col medium-6 small-12 large-6\"  >\n\t\t\t\t<div class=\"col-inner\"  >\n\t\t\t\n\t\t\t\n\n\n\n<div id=\"TA_certificateOfExcellence506\" class=\"TA_certificateOfExcellence\"><ul id=\"8CWqE6XQ4\" class=\"TA_links B6jUae\"><li id=\"fubLEClT\" class=\"ov5175vBUc\"><a target=\"_blank\" href=\"https:\/\/www.tripadvisor.com\/Attraction_Review-g187463-d6782466-Reviews-Mallorca_Free_Tour-Palma_de_Mallorca_Majorca_Balearic_Islands.html\"><img decoding=\"async\" src=\"https:\/\/static.tacdn.com\/img2\/travelers_choice\/widgets\/tchotel_2025_L.png\" alt=\"TripAdvisor\" class=\"widCOEImg\" id=\"CDSWIDCOELOGO\"><\/a><\/li><\/ul><\/div><script async=\"\" src=\"https:\/\/www.jscache.com\/wejs?wtype=certificateOfExcellence&amp;uniq=506&amp;locationId=6782466&amp;lang=en_US&amp;year=2025&amp;display_version=2\" data-loadtrk=\"\" onload=\"this.loadtrk=true\"><\/script>\n\n\n\t\t<\/div>\n\t\t\t\t\t<\/div>\n\n\t\n\n<\/div>\n<h2 style=\"text-align: center;\"><span data-text-color=\"primary\"><strong>Real reviews from our travellers<\/strong><\/span><\/h2>\n<p style=\"text-align: center;\">Choosing a free tour in Palma de Mallorca is not always easy, but the <b>opinions of our customers<\/b> are the best guarantee of quality. Every day we receive positive comments from travellers from all over the world who highlight the professionalism, clarity of explanations and friendliness of our guides.<\/p>\n<p style=\"text-align: center;\">Thanks to these recommendations, we can confidently say that we offer <b>the best free tour in Palma de Mallorca<\/b>, ideal for those who want to get to know the city in an enjoyable, entertaining and thorough way.<\/p>\n<p style=\"text-align: center;\">Would you like to experience it for yourself? Join the hundreds of visitors who have already enjoyed it and book your place today!<\/p>\n<div class=\"row\"  id=\"row-215930722\">\n\n\n\t<div id=\"col-438205626\" class=\"col small-12 large-12\"  >\n\t\t\t\t<div class=\"col-inner\"  >\n\t\t\t\n\t\t\t\n\n<div class=\"row\"  id=\"row-83217840\">\n\n\n\t<div id=\"col-404028611\" class=\"col medium-4 small-12 large-4\"  >\n\t\t\t\t<div class=\"col-inner\"  >\n\t\t\t\n\t\t\t\n\n\t<div class=\"img has-hover x md-x lg-x y md-y lg-y\" id=\"image_2080738555\">\n\t\t\t\t\t\t\t\t<div class=\"img-inner dark\" >\n\t\t\t<img loading=\"lazy\" decoding=\"async\" width=\"364\" height=\"174\" src=\"https:\/\/www.mallorcafreetour.com\/wp-content\/uploads\/2025\/09\/resena-Car-ing.jpg\" class=\"attachment-large size-large\" alt=\"Review-Carlos-best-free-tour-in-mallorca\" \/>\t\t\t\t\t\t\n\t\t\t\t\t<\/div>\n\t\t\t\t\t\t\t\t\n<style>\n#image_2080738555 {\n  width: 100%;\n}\n<\/style>\n\t<\/div>\n\t\n\n\n\t\t<\/div>\n\t\t\t\t\t<\/div>\n\n\t\n\n\t<div id=\"col-205389439\" class=\"col medium-4 small-12 large-4\"  >\n\t\t\t\t<div class=\"col-inner\"  >\n\t\t\t\n\t\t\t\n\n\t<div class=\"img has-hover x md-x lg-x y md-y lg-y\" id=\"image_575216438\">\n\t\t\t\t\t\t\t\t<div class=\"img-inner dark\" >\n\t\t\t<img loading=\"lazy\" decoding=\"async\" width=\"378\" height=\"207\" src=\"https:\/\/www.mallorcafreetour.com\/wp-content\/uploads\/2025\/09\/resena-Eul-ing.jpg\" class=\"attachment-large size-large\" alt=\"Review-Eulalia-best-free-tour-in-mallorca\" \/>\t\t\t\t\t\t\n\t\t\t\t\t<\/div>\n\t\t\t\t\t\t\t\t\n<style>\n#image_575216438 {\n  width: 100%;\n}\n<\/style>\n\t<\/div>\n\t\n\n\n\t\t<\/div>\n\t\t\t\t\t<\/div>\n\n\t\n\n\t<div id=\"col-371740496\" class=\"col medium-4 small-12 large-4\"  >\n\t\t\t\t<div class=\"col-inner\"  >\n\t\t\t\n\t\t\t\n\n\t<div class=\"img has-hover x md-x lg-x y md-y lg-y\" id=\"image_1051900452\">\n\t\t\t\t\t\t\t\t<div class=\"img-inner dark\" >\n\t\t\t<img loading=\"lazy\" decoding=\"async\" width=\"377\" height=\"235\" src=\"https:\/\/www.mallorcafreetour.com\/wp-content\/uploads\/2025\/09\/resena-Maria-ing.jpg\" class=\"attachment-large size-large\" alt=\"Review-Maria-best-free-tour-in-mallorca\" \/>\t\t\t\t\t\t\n\t\t\t\t\t<\/div>\n\t\t\t\t\t\t\t\t\n<style>\n#image_1051900452 {\n  width: 100%;\n}\n<\/style>\n\t<\/div>\n\t\n\n\n\t\t<\/div>\n\t\t\t\t\t<\/div>\n\n\t\n\n<\/div>\n<h2 style=\"text-align: center;\" data-start=\"2031\" data-end=\"2082\"><span data-text-color=\"primary\"><strong>Book your free tour in Palma de Mallorca today<\/strong><\/span><\/h2>\n<p data-start=\"2084\" data-end=\"2385\">Would you like to experience it for yourself? Join the hundreds of visitors who have already enjoyed our tour and <a href=\"https:\/\/www.mallorcafreetour.com\/en\/free-walking-tour-mallorca\/\">book your place today<\/a>.<\/p>\n<p>If you want to explore the island further, don\u2019t miss our <a class=\"decorated-link\" href=\"https:\/\/www.mallorcafreetour.com\/en\/private-tour-mallorca\/\" rel=\"noopener\" data-start=\"2279\" data-end=\"2311\">private tours for groups in Mallorca<\/a>. We look forward to welcoming you and showing you Palma\u2026 in good hands.<\/p>\n<p>\u00a0<\/p>\n<div class=\"row\"  id=\"row-734887515\">\n\n\n\t<div id=\"col-1209449066\" class=\"col medium-4 small-12 large-4\"  >\n\t\t\t\t<div class=\"col-inner\"  >\n\t\t\t\n\t\t\t\n\n\n\t\t<\/div>\n\t\t\t\t\t<\/div>\n\n\t\n\n\t<div id=\"col-1621582279\" class=\"col medium-6 small-12 large-6\"  >\n\t\t\t\t<div class=\"col-inner\"  >\n\t\t\t\n\t\t\t\n\n<a href=\"https:\/\/www.mallorcafreetour.com\/en\/free-walking-tour-mallorca\/\" class=\"button primary is-gloss is-xlarge box-shadow-3 box-shadow-2-hover\"  style=\"border-radius:24px;\">\n\t\t<span>BOOK YOUR FREE TOUR<\/span>\n\t<\/a>\n\n\n\n\t\t<\/div>\n\t\t\t\t\t<\/div>\n\n\t\n\n\t<div id=\"col-1136450635\" class=\"col medium-2 small-12 large-2\"  >\n\t\t\t\t<div class=\"col-inner\"  >\n\t\t\t\n\t\t\t\n\n\n\t\t<\/div>\n\t\t\t\t\t<\/div>\n\n\t\n\n<\/div>\n\n\t\t<\/div>\n\t\t\t\t\t<\/div>\n\n\t\n\n<\/div>\n\n\n\n<p><\/p>\n","protected":false},"excerpt":{"rendered":"","protected":false},"author":3,"featured_media":0,"parent":0,"menu_order":0,"comment_status":"closed","ping_status":"closed","template":"","meta":{"footnotes":""},"class_list":["post-11009","page","type-page","status-publish","hentry"],"yoast_head":"<!-- This site is optimized with the Yoast SEO plugin v27.4 - https:\/\/yoast.com\/product\/yoast-seo-wordpress\/ -->\n<title>The best free walking tour in Palma de Mallorca | Free Tour<\/title>\n<meta name=\"description\" content=\"Discover why we are the best free walking tour in Palma de Mallorca. Real reviews from guets who are satisfied with our expert local guides\" \/>\n<meta name=\"robots\" content=\"index, follow, max-snippet:-1, max-image-preview:large, max-video-preview:-1\" \/>\n<link rel=\"canonical\" href=\"https:\/\/www.mallorcafreetour.com\/en\/opinions\/\" \/>\n<meta property=\"og:locale\" content=\"en_US\" \/>\n<meta property=\"og:type\" content=\"article\" \/>\n<meta property=\"og:title\" content=\"The best free walking tour in Palma de Mallorca | Free Tour\" \/>\n<meta property=\"og:description\" content=\"Discover why we are the best free walking tour in Palma de Mallorca. Real reviews from guets who are satisfied with our expert local guides\" \/>\n<meta property=\"og:url\" content=\"https:\/\/www.mallorcafreetour.com\/en\/opinions\/\" \/>\n<meta property=\"og:site_name\" content=\"Mallorca Free Tour\" \/>\n<meta property=\"article:publisher\" content=\"https:\/\/www.facebook.com\/Mallorcafreetour\" \/>\n<meta property=\"article:modified_time\" content=\"2025-10-16T16:54:53+00:00\" \/>\n<meta property=\"og:image\" content=\"https:\/\/static.tacdn.com\/img2\/travelers_choice\/widgets\/tchotel_2025_L.png\" \/>\n<meta name=\"twitter:card\" content=\"summary_large_image\" \/>\n<meta name=\"twitter:site\" content=\"@MajorcaFreeTour\" \/>\n<meta name=\"twitter:label1\" content=\"Est. reading time\" \/>\n\t<meta name=\"twitter:data1\" content=\"2 minutes\" \/>\n<!-- \/ Yoast SEO plugin. -->","yoast_head_json":{"title":"The best free walking tour in Palma de Mallorca | Free Tour","description":"Discover why we are the best free walking tour in Palma de Mallorca. Real reviews from guets who are satisfied with our expert local guides","robots":{"index":"index","follow":"follow","max-snippet":"max-snippet:-1","max-image-preview":"max-image-preview:large","max-video-preview":"max-video-preview:-1"},"canonical":"https:\/\/www.mallorcafreetour.com\/en\/opinions\/","og_locale":"en_US","og_type":"article","og_title":"The best free walking tour in Palma de Mallorca | Free Tour","og_description":"Discover why we are the best free walking tour in Palma de Mallorca. Real reviews from guets who are satisfied with our expert local guides","og_url":"https:\/\/www.mallorcafreetour.com\/en\/opinions\/","og_site_name":"Mallorca Free Tour","article_publisher":"https:\/\/www.facebook.com\/Mallorcafreetour","article_modified_time":"2025-10-16T16:54:53+00:00","og_image":[{"url":"https:\/\/static.tacdn.com\/img2\/travelers_choice\/widgets\/tchotel_2025_L.png","type":"","width":"","height":""}],"twitter_card":"summary_large_image","twitter_site":"@MajorcaFreeTour","twitter_misc":{"Est. reading time":"2 minutes"},"schema":{"@context":"https:\/\/schema.org","@graph":[{"@type":"WebPage","@id":"https:\/\/www.mallorcafreetour.com\/en\/opinions\/","url":"https:\/\/www.mallorcafreetour.com\/en\/opinions\/","name":"The best free walking tour in Palma de Mallorca | Free Tour","isPartOf":{"@id":"https:\/\/www.mallorcafreetour.com\/#website"},"primaryImageOfPage":{"@id":"https:\/\/www.mallorcafreetour.com\/en\/opinions\/#primaryimage"},"image":{"@id":"https:\/\/www.mallorcafreetour.com\/en\/opinions\/#primaryimage"},"thumbnailUrl":"https:\/\/static.tacdn.com\/img2\/travelers_choice\/widgets\/tchotel_2025_L.png","datePublished":"2025-09-11T11:20:08+00:00","dateModified":"2025-10-16T16:54:53+00:00","description":"Discover why we are the best free walking tour in Palma de Mallorca. Real reviews from guets who are satisfied with our expert local guides","breadcrumb":{"@id":"https:\/\/www.mallorcafreetour.com\/en\/opinions\/#breadcrumb"},"inLanguage":"en-US","potentialAction":[{"@type":"ReadAction","target":["https:\/\/www.mallorcafreetour.com\/en\/opinions\/"]}]},{"@type":"ImageObject","inLanguage":"en-US","@id":"https:\/\/www.mallorcafreetour.com\/en\/opinions\/#primaryimage","url":"https:\/\/static.tacdn.com\/img2\/travelers_choice\/widgets\/tchotel_2025_L.png","contentUrl":"https:\/\/static.tacdn.com\/img2\/travelers_choice\/widgets\/tchotel_2025_L.png"},{"@type":"BreadcrumbList","@id":"https:\/\/www.mallorcafreetour.com\/en\/opinions\/#breadcrumb","itemListElement":[{"@type":"ListItem","position":1,"name":"Portada","item":"https:\/\/www.mallorcafreetour.com\/en\/"},{"@type":"ListItem","position":2,"name":"The best free walking tour in Palma de Mallorca"}]},{"@type":"WebSite","@id":"https:\/\/www.mallorcafreetour.com\/#website","url":"https:\/\/www.mallorcafreetour.com\/","name":"Mallorca Free Tour","description":"Visitas guiadas en Palma de Mallorca.","publisher":{"@id":"https:\/\/www.mallorcafreetour.com\/#organization"},"potentialAction":[{"@type":"SearchAction","target":{"@type":"EntryPoint","urlTemplate":"https:\/\/www.mallorcafreetour.com\/?s={search_term_string}"},"query-input":{"@type":"PropertyValueSpecification","valueRequired":true,"valueName":"search_term_string"}}],"inLanguage":"en-US"},{"@type":"Organization","@id":"https:\/\/www.mallorcafreetour.com\/#organization","name":"Mallorca Free Tour","url":"https:\/\/www.mallorcafreetour.com\/","logo":{"@type":"ImageObject","inLanguage":"en-US","@id":"https:\/\/www.mallorcafreetour.com\/#\/schema\/logo\/image\/","url":"https:\/\/www.mallorcafreetour.com\/wp-content\/uploads\/2020\/01\/freetour.png","contentUrl":"https:\/\/www.mallorcafreetour.com\/wp-content\/uploads\/2020\/01\/freetour.png","width":200,"height":124,"caption":"Mallorca Free Tour"},"image":{"@id":"https:\/\/www.mallorcafreetour.com\/#\/schema\/logo\/image\/"},"sameAs":["https:\/\/www.facebook.com\/Mallorcafreetour","https:\/\/x.com\/MajorcaFreeTour","https:\/\/www.instagram.com\/mallorcafreetour\/"]}]}},"_links":{"self":[{"href":"https:\/\/www.mallorcafreetour.com\/en\/wp-json\/wp\/v2\/pages\/11009","targetHints":{"allow":["GET"]}}],"collection":[{"href":"https:\/\/www.mallorcafreetour.com\/en\/wp-json\/wp\/v2\/pages"}],"about":[{"href":"https:\/\/www.mallorcafreetour.com\/en\/wp-json\/wp\/v2\/types\/page"}],"author":[{"embeddable":true,"href":"https:\/\/www.mallorcafreetour.com\/en\/wp-json\/wp\/v2\/users\/3"}],"replies":[{"embeddable":true,"href":"https:\/\/www.mallorcafreetour.com\/en\/wp-json\/wp\/v2\/comments?post=11009"}],"version-history":[{"count":14,"href":"https:\/\/www.mallorcafreetour.com\/en\/wp-json\/wp\/v2\/pages\/11009\/revisions"}],"predecessor-version":[{"id":11053,"href":"https:\/\/www.mallorcafreetour.com\/en\/wp-json\/wp\/v2\/pages\/11009\/revisions\/11053"}],"wp:attachment":[{"href":"https:\/\/www.mallorcafreetour.com\/en\/wp-json\/wp\/v2\/media?parent=11009"}],"curies":[{"name":"wp","href":"https:\/\/api.w.org\/{rel}","templated":true}]}}