{"id":7570,"date":"2022-05-17T13:35:05","date_gmt":"2022-05-17T11:35:05","guid":{"rendered":"https:\/\/www.mallorcafreetour.com\/?page_id=7570\/"},"modified":"2022-05-17T13:37:03","modified_gmt":"2022-05-17T11:37:03","slug":"kontakt-de","status":"publish","type":"page","link":"https:\/\/www.mallorcafreetour.com\/de\/kontakt-de\/","title":{"rendered":"Kontakt DE"},"content":{"rendered":"\n\n\t<section class=\"section dark\" id=\"section_1085788092\">\n\t\t<div class=\"section-bg fill\" >\n\t\t\t\t\t\t\t\t\t\n\t\t\t\n\n\t\t<\/div>\n\n\t\t\n\n\t\t<div class=\"section-content relative\">\n\t\t\t\n\n\n  <div class=\"banner has-hover\" id=\"banner-742508244\">\n          <div class=\"banner-inner fill\">\n        <div class=\"banner-bg fill\" >\n            <img loading=\"lazy\" decoding=\"async\" width=\"1020\" height=\"573\" src=\"https:\/\/www.mallorcafreetour.com\/wp-content\/uploads\/2022\/05\/Titelseite-Mallorca-Free-Tour.jpg\" class=\"bg attachment-large size-large\" alt=\"Titelseite Mallorca Free Tou\" \/>                        <div class=\"overlay\"><\/div>            \n\t<div class=\"is-border\"\n\t\tstyle=\"border-width:0px 0px 0px 0px;\">\n\t<\/div>\n                    <\/div>\n\t\t\n        <div class=\"banner-layers container\">\n            <div class=\"fill banner-link\"><\/div>            \n\n   <div id=\"text-box-1786404826\" class=\"text-box banner-layer x50 md-x50 lg-x50 y50 md-y50 lg-y50 res-text\">\n                                <div class=\"text-box-content text dark\">\n              \n              <div class=\"text-inner text-center\">\n                  \n\n\t<div id=\"text-1998141975\" class=\"text\">\n\t\t\n\n<p class=\"uppercase\" style=\"text-align: center;\"><span style=\"font-size: 500%;\"><strong>KONTAKT<\/strong><\/span><\/p>\n<p class=\"thin-font\">&nbsp;<\/p>\n\t\t\n<style>\n#text-1998141975 {\n  font-size: 0.75rem;\n  line-height: 3;\n  text-align: center;\n  color: rgb(255,255,255);\n}\n#text-1998141975 > * {\n  color: rgb(255,255,255);\n}\n@media (min-width:550px) {\n  #text-1998141975 {\n    text-align: center;\n  }\n}\n<\/style>\n\t<\/div>\n\t\n\n              <\/div>\n           <\/div>\n                            \n<style>\n#text-box-1786404826 {\n  width: 100%;\n}\n#text-box-1786404826 .text-box-content {\n  font-size: 32%;\n}\n@media (min-width:550px) {\n  #text-box-1786404826 {\n    width: 60%;\n  }\n  #text-box-1786404826 .text-box-content {\n    font-size: 100%;\n  }\n}\n<\/style>\n    <\/div>\n \n\n        <\/div>\n      <\/div>\n\n            \n<style>\n#banner-742508244 {\n  padding-top: 413px;\n}\n#banner-742508244 .overlay {\n  background-color: rgba(253, 185, 83, 0.674);\n}\n#banner-742508244 .banner-bg img {\n  object-position: 43% 14%;\n}\n@media (min-width:550px) {\n  #banner-742508244 {\n    padding-top: 553px;\n  }\n}\n<\/style>\n  <\/div>\n\n\n\n\t\t<\/div>\n\n\t\t\n<style>\n#section_1085788092 {\n  padding-top: 0px;\n  padding-bottom: 0px;\n  background-color: #ff9900;\n}\n<\/style>\n\t<\/section>\n\t\n\n\t<section class=\"section\" id=\"section_806343870\">\n\t\t<div class=\"section-bg fill\" >\n\t\t\t\t\t\t\t\t\t\n\t\t\t\n\n\t\t<\/div>\n\n\t\t\n\n\t\t<div class=\"section-content relative\">\n\t\t\t\n\n<div class=\"row row-full-width align-equal align-center\"  id=\"row-1673780771\">\n\n\n\t<div id=\"col-1423558311\" class=\"col medium-5 small-12 large-5\"  >\n\t\t\t\t<div class=\"col-inner text-center\"  >\n\t\t\t\n\t\t\t\n\n\t<div id=\"text-4077911438\" class=\"text\">\n\t\t\n\n<div>\n<p>Sie k\u00f6nnen weitere Informationen anfordern, indem Sie dieses Formular ausf\u00fcllen oder eine E-Mail schicken:<\/p>\n<ul>\n<li><strong>info@mallorcafreetour.com<\/strong><\/li>\n<li><strong>+34 683 31 71 92<\/strong><\/li>\n<\/ul>\n<\/div>\n<div style=\"text-align: center;\">Vielen Dank!<\/div>\n\t\t\n<style>\n#text-4077911438 {\n  text-align: center;\n}\n<\/style>\n\t<\/div>\n\t\n\t<div class=\"img has-hover x md-x lg-x y md-y lg-y\" id=\"image_2001968079\">\n\t\t\t\t\t\t\t\t<div class=\"img-inner dark\" >\n\t\t\t<img loading=\"lazy\" decoding=\"async\" width=\"300\" height=\"300\" src=\"https:\/\/www.mallorcafreetour.com\/wp-content\/uploads\/2017\/11\/logo_sombra-300x300.jpg\" class=\"attachment-large size-large\" alt=\"Logo Mallorca Free Tour\" srcset=\"https:\/\/www.mallorcafreetour.com\/wp-content\/uploads\/2017\/11\/logo_sombra-300x300.jpg 300w, https:\/\/www.mallorcafreetour.com\/wp-content\/uploads\/2017\/11\/logo_sombra-300x300-280x280.jpg 280w\" sizes=\"auto, (max-width: 300px) 100vw, 300px\" \/>\t\t\t\t\t\t\n\t\t\t\t\t<\/div>\n\t\t\t\t\t\t\t\t\n<style>\n#image_2001968079 {\n  width: 31%;\n}\n<\/style>\n\t<\/div>\n\t\n\n\n\t\t<\/div>\n\t\t\t\t\n<style>\n#col-1423558311 > .col-inner {\n  margin: 70px 0px 0px 0px;\n}\n<\/style>\n\t<\/div>\n\n\t\n\n\t<div id=\"col-230592611\" class=\"col medium-6 small-12 large-6\"  >\n\t\t\t\t<div class=\"col-inner\"  >\n\t\t\t\n\t\t\t\n\n\n<div class=\"wpcf7 no-js\" id=\"wpcf7-f7489-o1\" lang=\"es-ES\" dir=\"ltr\" data-wpcf7-id=\"7489\">\n<div class=\"screen-reader-response\"><p role=\"status\" aria-live=\"polite\" aria-atomic=\"true\"><\/p> <ul><\/ul><\/div>\n<form action=\"\/de\/wp-json\/wp\/v2\/pages\/7570#wpcf7-f7489-o1\" method=\"post\" class=\"wpcf7-form init\" aria-label=\"Formulario de contacto\" novalidate=\"novalidate\" data-status=\"init\">\n<fieldset class=\"hidden-fields-container\"><input type=\"hidden\" name=\"_wpcf7\" value=\"7489\" \/><input type=\"hidden\" name=\"_wpcf7_version\" value=\"6.1.5\" \/><input type=\"hidden\" name=\"_wpcf7_locale\" value=\"es_ES\" \/><input type=\"hidden\" name=\"_wpcf7_unit_tag\" value=\"wpcf7-f7489-o1\" \/><input type=\"hidden\" name=\"_wpcf7_container_post\" value=\"0\" \/><input type=\"hidden\" name=\"_wpcf7_posted_data_hash\" value=\"\" \/><input type=\"hidden\" name=\"_wpcf7_recaptcha_response\" value=\"\" \/>\n<\/fieldset>\n<div class=\"row\">\n\t<div class=\"col small-12\">\n\t\t<p><label><br \/>\n<span class=\"wpcf7-form-control-wrap\" data-name=\"your-name\"><input size=\"40\" maxlength=\"400\" class=\"wpcf7-form-control wpcf7-text wpcf7-validates-as-required\" aria-required=\"true\" aria-invalid=\"false\" placeholder=\"Name\" value=\"\" type=\"text\" name=\"your-name\" \/><\/span> <\/label>\n\t\t<\/p>\n\t<\/div>\n\t<div class=\"col medium-6 small-12 large-6\">\n\t\t<p><label><br \/>\n<span class=\"wpcf7-form-control-wrap\" data-name=\"your-email\"><input size=\"40\" maxlength=\"400\" class=\"wpcf7-form-control wpcf7-email wpcf7-validates-as-required wpcf7-text wpcf7-validates-as-email\" aria-required=\"true\" aria-invalid=\"false\" placeholder=\"E-mail\" value=\"\" type=\"email\" name=\"your-email\" \/><\/span> <\/label>\n\t\t<\/p>\n\t<\/div>\n\t<div class=\"col medium-6 small-12 large-6\">\n\t\t<p><label><br \/>\n<span class=\"wpcf7-form-control-wrap\" data-name=\"tel-167\"><input size=\"40\" maxlength=\"400\" class=\"wpcf7-form-control wpcf7-tel wpcf7-text wpcf7-validates-as-tel\" aria-invalid=\"false\" placeholder=\"Telefon\" value=\"\" type=\"tel\" name=\"tel-167\" \/><\/span> <\/label>\n\t\t<\/p>\n\t<\/div>\n\t<div class=\"col small-12\">\n\t\t<p><label><br \/>\n<span class=\"wpcf7-form-control-wrap\" data-name=\"your-subject\"><input size=\"40\" maxlength=\"400\" class=\"wpcf7-form-control wpcf7-text\" aria-invalid=\"false\" placeholder=\"Thema\" value=\"\" type=\"text\" name=\"your-subject\" \/><\/span> <\/label>\n\t\t<\/p>\n\t<\/div>\n\t<div class=\"col small-12\">\n\t\t<p><label><br \/>\n<span class=\"wpcf7-form-control-wrap\" data-name=\"your-message\"><textarea cols=\"40\" rows=\"10\" maxlength=\"2000\" class=\"wpcf7-form-control wpcf7-textarea wpcf7-validates-as-required\" aria-required=\"true\" aria-invalid=\"false\" placeholder=\"Nachricht\" name=\"your-message\"><\/textarea><\/span> <\/label>\n\t\t<\/p>\n\t<\/div>\n\t<div class=\"col small-12\">\n\t\t<p><span class=\"wpcf7-form-control-wrap\" data-name=\"aceptar-RGPD\"><span class=\"wpcf7-form-control wpcf7-acceptance\"><span class=\"wpcf7-list-item\"><label><input type=\"checkbox\" name=\"aceptar-RGPD\" value=\"1\" aria-invalid=\"false\" \/><span class=\"wpcf7-list-item-label\">Ich akzeptiere die <a href=\"\/politica-de-privacidad\/\">Datenschutzbestimmungen<\/a><\/span><\/label><\/span><\/span><\/span>\n\t\t<\/p>\n\t\t<div class=\"col small-12\">\n\t\t\t<p><input class=\"wpcf7-form-control wpcf7-submit has-spinner\" type=\"submit\" value=\"Senden\" \/>\n\t\t\t<\/p>\n\t\t<\/div>\n\t<\/div>\n<\/div><div class=\"wpcf7-response-output\" aria-hidden=\"true\"><\/div>\n<\/form>\n<\/div>\n\n\n\n\t\t<\/div>\n\t\t\t\t\t<\/div>\n\n\t\n\n<\/div>\n\n\t\t<\/div>\n\n\t\t\n<style>\n#section_806343870 {\n  padding-top: 30px;\n  padding-bottom: 30px;\n}\n<\/style>\n\t<\/section>\n\t\n","protected":false},"excerpt":{"rendered":"","protected":false},"author":3,"featured_media":8002,"parent":0,"menu_order":0,"comment_status":"closed","ping_status":"closed","template":"page-blank.php","meta":{"footnotes":""},"class_list":["post-7570","page","type-page","status-publish","has-post-thumbnail","hentry"],"yoast_head":"<!-- This site is optimized with the Yoast SEO plugin v27.4 - https:\/\/yoast.com\/product\/yoast-seo-wordpress\/ -->\n<title>Kontakt Mallorca Free Tour - Informationen \u00fcber private Touren<\/title>\n<meta name=\"description\" content=\"Kontakt - Informationen \u00fcber private Touren auf Mallorca. Buchung bei lokalen F\u00fchrern. Flexible Zeitpl\u00e4ne und ma\u00dfgeschneiderte Touren\" \/>\n<meta name=\"robots\" content=\"index, follow, max-snippet:-1, max-image-preview:large, max-video-preview:-1\" \/>\n<link rel=\"canonical\" href=\"https:\/\/www.mallorcafreetour.com\/de\/kontakt-de\/\" \/>\n<meta property=\"og:locale\" content=\"de_DE\" \/>\n<meta property=\"og:type\" content=\"article\" \/>\n<meta property=\"og:title\" content=\"Kontakt Mallorca Free Tour - Informationen \u00fcber private Touren\" \/>\n<meta property=\"og:description\" content=\"Kontakt - Informationen \u00fcber private Touren auf Mallorca. Buchung bei lokalen F\u00fchrern. Flexible Zeitpl\u00e4ne und ma\u00dfgeschneiderte Touren\" \/>\n<meta property=\"og:url\" content=\"https:\/\/www.mallorcafreetour.com\/de\/kontakt-de\/\" \/>\n<meta property=\"og:site_name\" content=\"Mallorca Free Tour\" \/>\n<meta property=\"article:publisher\" content=\"https:\/\/www.facebook.com\/Mallorcafreetour\" \/>\n<meta property=\"article:modified_time\" content=\"2022-05-17T11:37:03+00:00\" \/>\n<meta property=\"og:image\" content=\"https:\/\/www.mallorcafreetour.com\/wp-content\/uploads\/2020\/01\/freetour.png\" \/>\n\t<meta property=\"og:image:width\" content=\"200\" \/>\n\t<meta property=\"og:image:height\" content=\"124\" \/>\n\t<meta property=\"og:image:type\" content=\"image\/png\" \/>\n<meta name=\"twitter:card\" content=\"summary_large_image\" \/>\n<meta name=\"twitter:site\" content=\"@MajorcaFreeTour\" \/>\n<meta name=\"twitter:label1\" content=\"Gesch\u00e4tzte Lesezeit\" \/>\n\t<meta name=\"twitter:data1\" content=\"1\u00a0Minute\" \/>\n<!-- \/ Yoast SEO plugin. -->","yoast_head_json":{"title":"Kontakt Mallorca Free Tour - Informationen \u00fcber private Touren","description":"Kontakt - Informationen \u00fcber private Touren auf Mallorca. Buchung bei lokalen F\u00fchrern. Flexible Zeitpl\u00e4ne und ma\u00dfgeschneiderte Touren","robots":{"index":"index","follow":"follow","max-snippet":"max-snippet:-1","max-image-preview":"max-image-preview:large","max-video-preview":"max-video-preview:-1"},"canonical":"https:\/\/www.mallorcafreetour.com\/de\/kontakt-de\/","og_locale":"de_DE","og_type":"article","og_title":"Kontakt Mallorca Free Tour - Informationen \u00fcber private Touren","og_description":"Kontakt - Informationen \u00fcber private Touren auf Mallorca. Buchung bei lokalen F\u00fchrern. Flexible Zeitpl\u00e4ne und ma\u00dfgeschneiderte Touren","og_url":"https:\/\/www.mallorcafreetour.com\/de\/kontakt-de\/","og_site_name":"Mallorca Free Tour","article_publisher":"https:\/\/www.facebook.com\/Mallorcafreetour","article_modified_time":"2022-05-17T11:37:03+00:00","og_image":[{"width":200,"height":124,"url":"https:\/\/www.mallorcafreetour.com\/wp-content\/uploads\/2020\/01\/freetour.png","type":"image\/png"}],"twitter_card":"summary_large_image","twitter_site":"@MajorcaFreeTour","twitter_misc":{"Gesch\u00e4tzte Lesezeit":"1\u00a0Minute"},"schema":{"@context":"https:\/\/schema.org","@graph":[{"@type":"WebPage","@id":"https:\/\/www.mallorcafreetour.com\/de\/kontakt-de\/","url":"https:\/\/www.mallorcafreetour.com\/de\/kontakt-de\/","name":"Kontakt Mallorca Free Tour - Informationen \u00fcber private Touren","isPartOf":{"@id":"https:\/\/www.mallorcafreetour.com\/#website"},"primaryImageOfPage":{"@id":"https:\/\/www.mallorcafreetour.com\/de\/kontakt-de\/#primaryimage"},"image":{"@id":"https:\/\/www.mallorcafreetour.com\/de\/kontakt-de\/#primaryimage"},"thumbnailUrl":"https:\/\/www.mallorcafreetour.com\/wp-content\/uploads\/2020\/01\/freetour.png","datePublished":"2022-05-17T11:35:05+00:00","dateModified":"2022-05-17T11:37:03+00:00","description":"Kontakt - Informationen \u00fcber private Touren auf Mallorca. Buchung bei lokalen F\u00fchrern. Flexible Zeitpl\u00e4ne und ma\u00dfgeschneiderte Touren","breadcrumb":{"@id":"https:\/\/www.mallorcafreetour.com\/de\/kontakt-de\/#breadcrumb"},"inLanguage":"de","potentialAction":[{"@type":"ReadAction","target":["https:\/\/www.mallorcafreetour.com\/de\/kontakt-de\/"]}]},{"@type":"ImageObject","inLanguage":"de","@id":"https:\/\/www.mallorcafreetour.com\/de\/kontakt-de\/#primaryimage","url":"https:\/\/www.mallorcafreetour.com\/wp-content\/uploads\/2020\/01\/freetour.png","contentUrl":"https:\/\/www.mallorcafreetour.com\/wp-content\/uploads\/2020\/01\/freetour.png","width":200,"height":124,"caption":"Walking tours in Palma"},{"@type":"BreadcrumbList","@id":"https:\/\/www.mallorcafreetour.com\/de\/kontakt-de\/#breadcrumb","itemListElement":[{"@type":"ListItem","position":1,"name":"Portada","item":"https:\/\/www.mallorcafreetour.com\/de\/"},{"@type":"ListItem","position":2,"name":"Kontakt DE"}]},{"@type":"WebSite","@id":"https:\/\/www.mallorcafreetour.com\/#website","url":"https:\/\/www.mallorcafreetour.com\/","name":"Mallorca Free Tour","description":"Visitas guiadas en Palma de Mallorca.","publisher":{"@id":"https:\/\/www.mallorcafreetour.com\/#organization"},"potentialAction":[{"@type":"SearchAction","target":{"@type":"EntryPoint","urlTemplate":"https:\/\/www.mallorcafreetour.com\/?s={search_term_string}"},"query-input":{"@type":"PropertyValueSpecification","valueRequired":true,"valueName":"search_term_string"}}],"inLanguage":"de"},{"@type":"Organization","@id":"https:\/\/www.mallorcafreetour.com\/#organization","name":"Mallorca Free Tour","url":"https:\/\/www.mallorcafreetour.com\/","logo":{"@type":"ImageObject","inLanguage":"de","@id":"https:\/\/www.mallorcafreetour.com\/#\/schema\/logo\/image\/","url":"https:\/\/www.mallorcafreetour.com\/wp-content\/uploads\/2020\/01\/freetour.png","contentUrl":"https:\/\/www.mallorcafreetour.com\/wp-content\/uploads\/2020\/01\/freetour.png","width":200,"height":124,"caption":"Mallorca Free Tour"},"image":{"@id":"https:\/\/www.mallorcafreetour.com\/#\/schema\/logo\/image\/"},"sameAs":["https:\/\/www.facebook.com\/Mallorcafreetour","https:\/\/x.com\/MajorcaFreeTour","https:\/\/www.instagram.com\/mallorcafreetour\/"]}]}},"_links":{"self":[{"href":"https:\/\/www.mallorcafreetour.com\/de\/wp-json\/wp\/v2\/pages\/7570","targetHints":{"allow":["GET"]}}],"collection":[{"href":"https:\/\/www.mallorcafreetour.com\/de\/wp-json\/wp\/v2\/pages"}],"about":[{"href":"https:\/\/www.mallorcafreetour.com\/de\/wp-json\/wp\/v2\/types\/page"}],"author":[{"embeddable":true,"href":"https:\/\/www.mallorcafreetour.com\/de\/wp-json\/wp\/v2\/users\/3"}],"replies":[{"embeddable":true,"href":"https:\/\/www.mallorcafreetour.com\/de\/wp-json\/wp\/v2\/comments?post=7570"}],"version-history":[{"count":3,"href":"https:\/\/www.mallorcafreetour.com\/de\/wp-json\/wp\/v2\/pages\/7570\/revisions"}],"predecessor-version":[{"id":7575,"href":"https:\/\/www.mallorcafreetour.com\/de\/wp-json\/wp\/v2\/pages\/7570\/revisions\/7575"}],"wp:featuredmedia":[{"embeddable":true,"href":"https:\/\/www.mallorcafreetour.com\/de\/wp-json\/wp\/v2\/media\/8002"}],"wp:attachment":[{"href":"https:\/\/www.mallorcafreetour.com\/de\/wp-json\/wp\/v2\/media?parent=7570"}],"curies":[{"name":"wp","href":"https:\/\/api.w.org\/{rel}","templated":true}]}}